{"id":72,"date":"2023-09-26T10:36:16","date_gmt":"2023-09-26T10:36:16","guid":{"rendered":"https:\/\/lonitseera.ee\/my-account-2\/"},"modified":"2023-09-29T09:55:35","modified_gmt":"2023-09-29T09:55:35","slug":"minu-konto","status":"publish","type":"page","link":"https:\/\/lonitseera.ee\/eng\/minu-konto\/","title":{"rendered":"Minu konto"},"content":{"rendered":"\t\t<div data-elementor-type=\"wp-page\" data-elementor-id=\"72\" class=\"elementor elementor-72\" data-elementor-settings=\"{&quot;ha_cmc_init_switcher&quot;:&quot;no&quot;}\" data-elementor-post-type=\"page\">\n\t\t\t\t<div class=\"elementor-element elementor-element-698bffce e-con-full e-flex e-con e-parent\" data-id=\"698bffce\" data-element_type=\"container\" data-e-type=\"container\" data-settings=\"{&quot;_ha_eqh_enable&quot;:false}\">\n\t\t\t\t<div class=\"elementor-element elementor-element-3a763fb elementor-widget elementor-widget-heading\" data-id=\"3a763fb\" data-element_type=\"widget\" data-e-type=\"widget\" data-widget_type=\"heading.default\">\n\t\t\t\t<div class=\"elementor-widget-container\">\n\t\t\t\t\t<h1 class=\"elementor-heading-title elementor-size-default\">Minu konto<\/h1>\t\t\t\t<\/div>\n\t\t\t\t<\/div>\n\t\t\t\t<div class=\"elementor-element elementor-element-2ad3f726 e-my-account-tabs-vertical elementor-widget elementor-widget-woocommerce-my-account\" data-id=\"2ad3f726\" data-element_type=\"widget\" data-e-type=\"widget\" data-settings=\"{&quot;customize_dashboard_check&quot;:&quot;yes&quot;}\" data-widget_type=\"woocommerce-my-account.default\">\n\t\t\t\t<div class=\"elementor-widget-container\">\n\t\t\t\t\t<div class=\"e-my-account-tab e-my-account-tab__ \">\t\t\t<span class=\"elementor-hidden\">[woocommerce_my_account]<\/span>\n\t\t\t<div class=\"woocommerce\"><\/div>\t\t<\/div>\n\t\t\t\t\t\t<\/div>\n\t\t\t\t<\/div>\n\t\t\t\t<\/div>\n\t\t\t\t<\/div>\n\t\t","protected":false},"excerpt":{"rendered":"<p>Minu konto Dashboard Tellimused Allalaadimised Aadressid Konto andmed Logi v\u00e4lja Tere admin (pole admin? Logi v\u00e4lja) Oma konto t\u00f6\u00f6laualt n\u00e4ed enda hiljutisi tellimusi, saad hallata enda tarne ja maksmise aadresse ning muuta oma salas\u00f5na ja konto andmeid.<\/p>","protected":false},"author":1,"featured_media":0,"parent":0,"menu_order":0,"comment_status":"closed","ping_status":"closed","template":"elementor_header_footer","meta":{"footnotes":""},"class_list":["post-72","page","type-page","status-publish","hentry"],"yoast_head":"<!-- This site is optimized with the Yoast SEO plugin v27.4 - https:\/\/yoast.com\/product\/yoast-seo-wordpress\/ -->\n<title>Minu konto | Lonitseera<\/title>\n<meta name=\"description\" content=\"Lonitseera. Tartu, Estonia. Alguses oli klaver, p\u00e4rast oli luule. V\u00f5i vahet polegi. Kaisa muusika on uitm\u00f5tete ja liialdatud v\u00f5rdluste ristamisel s\u00fcndinud ...\" \/>\n<meta name=\"robots\" content=\"index, follow, max-snippet:-1, max-image-preview:large, max-video-preview:-1\" \/>\n<link rel=\"canonical\" href=\"https:\/\/lonitseera.ee\/eng\/minu-konto\/\" \/>\n<meta property=\"og:locale\" content=\"en_GB\" \/>\n<meta property=\"og:type\" content=\"article\" \/>\n<meta property=\"og:title\" content=\"Minu konto | Lonitseera\" \/>\n<meta property=\"og:description\" content=\"Lonitseera. Tartu, Estonia. Alguses oli klaver, p\u00e4rast oli luule. V\u00f5i vahet polegi. Kaisa muusika on uitm\u00f5tete ja liialdatud v\u00f5rdluste ristamisel s\u00fcndinud ...\" \/>\n<meta property=\"og:url\" content=\"https:\/\/lonitseera.ee\/eng\/minu-konto\/\" \/>\n<meta property=\"og:site_name\" content=\"Lonitseera\" \/>\n<meta property=\"article:publisher\" content=\"https:\/\/www.facebook.com\/lonitseera\" \/>\n<meta property=\"article:modified_time\" content=\"2023-09-29T09:55:35+00:00\" \/>\n<meta property=\"og:image\" content=\"https:\/\/lonitseera.ee\/wp-content\/uploads\/2023\/09\/623_Ekvilibrist_IMG_2729-scaled.jpg\" \/>\n\t<meta property=\"og:image:width\" content=\"2560\" \/>\n\t<meta property=\"og:image:height\" content=\"1707\" \/>\n\t<meta property=\"og:image:type\" content=\"image\/jpeg\" \/>\n<meta name=\"twitter:card\" content=\"summary_large_image\" \/>\n<script type=\"application\/ld+json\" class=\"yoast-schema-graph\">{\"@context\":\"https:\\\/\\\/schema.org\",\"@graph\":[{\"@type\":\"WebPage\",\"@id\":\"https:\\\/\\\/lonitseera.ee\\\/minu-konto\\\/\",\"url\":\"https:\\\/\\\/lonitseera.ee\\\/minu-konto\\\/\",\"name\":\"Minu konto | Lonitseera\",\"isPartOf\":{\"@id\":\"https:\\\/\\\/lonitseera.ee\\\/#website\"},\"datePublished\":\"2023-09-26T10:36:16+00:00\",\"dateModified\":\"2023-09-29T09:55:35+00:00\",\"description\":\"Lonitseera. Tartu, Estonia. Alguses oli klaver, p\u00e4rast oli luule. V\u00f5i vahet polegi. Kaisa muusika on uitm\u00f5tete ja liialdatud v\u00f5rdluste ristamisel s\u00fcndinud ...\",\"breadcrumb\":{\"@id\":\"https:\\\/\\\/lonitseera.ee\\\/minu-konto\\\/#breadcrumb\"},\"inLanguage\":\"en-GB\",\"potentialAction\":[{\"@type\":\"ReadAction\",\"target\":[\"https:\\\/\\\/lonitseera.ee\\\/minu-konto\\\/\"]}]},{\"@type\":\"BreadcrumbList\",\"@id\":\"https:\\\/\\\/lonitseera.ee\\\/minu-konto\\\/#breadcrumb\",\"itemListElement\":[{\"@type\":\"ListItem\",\"position\":1,\"name\":\"Home\",\"item\":\"https:\\\/\\\/lonitseera.ee\\\/\"},{\"@type\":\"ListItem\",\"position\":2,\"name\":\"Minu konto\"}]},{\"@type\":\"WebSite\",\"@id\":\"https:\\\/\\\/lonitseera.ee\\\/#website\",\"url\":\"https:\\\/\\\/lonitseera.ee\\\/\",\"name\":\"Lonitseera\",\"description\":\"\",\"publisher\":{\"@id\":\"https:\\\/\\\/lonitseera.ee\\\/#organization\"},\"potentialAction\":[{\"@type\":\"SearchAction\",\"target\":{\"@type\":\"EntryPoint\",\"urlTemplate\":\"https:\\\/\\\/lonitseera.ee\\\/?s={search_term_string}\"},\"query-input\":{\"@type\":\"PropertyValueSpecification\",\"valueRequired\":true,\"valueName\":\"search_term_string\"}}],\"inLanguage\":\"en-GB\"},{\"@type\":\"Organization\",\"@id\":\"https:\\\/\\\/lonitseera.ee\\\/#organization\",\"name\":\"Lonitseera\",\"url\":\"https:\\\/\\\/lonitseera.ee\\\/\",\"logo\":{\"@type\":\"ImageObject\",\"inLanguage\":\"en-GB\",\"@id\":\"https:\\\/\\\/lonitseera.ee\\\/#\\\/schema\\\/logo\\\/image\\\/\",\"url\":\"https:\\\/\\\/lonitseera.ee\\\/wp-content\\\/uploads\\\/2023\\\/09\\\/vaiksem-valge-taust.png\",\"contentUrl\":\"https:\\\/\\\/lonitseera.ee\\\/wp-content\\\/uploads\\\/2023\\\/09\\\/vaiksem-valge-taust.png\",\"width\":811,\"height\":633,\"caption\":\"Lonitseera\"},\"image\":{\"@id\":\"https:\\\/\\\/lonitseera.ee\\\/#\\\/schema\\\/logo\\\/image\\\/\"},\"sameAs\":[\"https:\\\/\\\/www.facebook.com\\\/lonitseera\"]}]}<\/script>\n<!-- \/ Yoast SEO plugin. -->","yoast_head_json":{"title":"Minu konto | Lonitseera","description":"Lonitseera. Tartu, Estonia. Alguses oli klaver, p\u00e4rast oli luule. V\u00f5i vahet polegi. Kaisa muusika on uitm\u00f5tete ja liialdatud v\u00f5rdluste ristamisel s\u00fcndinud ...","robots":{"index":"index","follow":"follow","max-snippet":"max-snippet:-1","max-image-preview":"max-image-preview:large","max-video-preview":"max-video-preview:-1"},"canonical":"https:\/\/lonitseera.ee\/eng\/minu-konto\/","og_locale":"en_GB","og_type":"article","og_title":"Minu konto | Lonitseera","og_description":"Lonitseera. Tartu, Estonia. Alguses oli klaver, p\u00e4rast oli luule. V\u00f5i vahet polegi. Kaisa muusika on uitm\u00f5tete ja liialdatud v\u00f5rdluste ristamisel s\u00fcndinud ...","og_url":"https:\/\/lonitseera.ee\/eng\/minu-konto\/","og_site_name":"Lonitseera","article_publisher":"https:\/\/www.facebook.com\/lonitseera","article_modified_time":"2023-09-29T09:55:35+00:00","og_image":[{"width":2560,"height":1707,"url":"https:\/\/lonitseera.ee\/wp-content\/uploads\/2023\/09\/623_Ekvilibrist_IMG_2729-scaled.jpg","type":"image\/jpeg"}],"twitter_card":"summary_large_image","schema":{"@context":"https:\/\/schema.org","@graph":[{"@type":"WebPage","@id":"https:\/\/lonitseera.ee\/minu-konto\/","url":"https:\/\/lonitseera.ee\/minu-konto\/","name":"Minu konto | Lonitseera","isPartOf":{"@id":"https:\/\/lonitseera.ee\/#website"},"datePublished":"2023-09-26T10:36:16+00:00","dateModified":"2023-09-29T09:55:35+00:00","description":"Lonitseera. Tartu, Estonia. Alguses oli klaver, p\u00e4rast oli luule. V\u00f5i vahet polegi. Kaisa muusika on uitm\u00f5tete ja liialdatud v\u00f5rdluste ristamisel s\u00fcndinud ...","breadcrumb":{"@id":"https:\/\/lonitseera.ee\/minu-konto\/#breadcrumb"},"inLanguage":"en-GB","potentialAction":[{"@type":"ReadAction","target":["https:\/\/lonitseera.ee\/minu-konto\/"]}]},{"@type":"BreadcrumbList","@id":"https:\/\/lonitseera.ee\/minu-konto\/#breadcrumb","itemListElement":[{"@type":"ListItem","position":1,"name":"Home","item":"https:\/\/lonitseera.ee\/"},{"@type":"ListItem","position":2,"name":"Minu konto"}]},{"@type":"WebSite","@id":"https:\/\/lonitseera.ee\/#website","url":"https:\/\/lonitseera.ee\/","name":"Lonitseera","description":"","publisher":{"@id":"https:\/\/lonitseera.ee\/#organization"},"potentialAction":[{"@type":"SearchAction","target":{"@type":"EntryPoint","urlTemplate":"https:\/\/lonitseera.ee\/?s={search_term_string}"},"query-input":{"@type":"PropertyValueSpecification","valueRequired":true,"valueName":"search_term_string"}}],"inLanguage":"en-GB"},{"@type":"Organization","@id":"https:\/\/lonitseera.ee\/#organization","name":"Lonitseera","url":"https:\/\/lonitseera.ee\/","logo":{"@type":"ImageObject","inLanguage":"en-GB","@id":"https:\/\/lonitseera.ee\/#\/schema\/logo\/image\/","url":"https:\/\/lonitseera.ee\/wp-content\/uploads\/2023\/09\/vaiksem-valge-taust.png","contentUrl":"https:\/\/lonitseera.ee\/wp-content\/uploads\/2023\/09\/vaiksem-valge-taust.png","width":811,"height":633,"caption":"Lonitseera"},"image":{"@id":"https:\/\/lonitseera.ee\/#\/schema\/logo\/image\/"},"sameAs":["https:\/\/www.facebook.com\/lonitseera"]}]}},"_links":{"self":[{"href":"https:\/\/lonitseera.ee\/eng\/wp-json\/wp\/v2\/pages\/72","targetHints":{"allow":["GET"]}}],"collection":[{"href":"https:\/\/lonitseera.ee\/eng\/wp-json\/wp\/v2\/pages"}],"about":[{"href":"https:\/\/lonitseera.ee\/eng\/wp-json\/wp\/v2\/types\/page"}],"author":[{"embeddable":true,"href":"https:\/\/lonitseera.ee\/eng\/wp-json\/wp\/v2\/users\/1"}],"replies":[{"embeddable":true,"href":"https:\/\/lonitseera.ee\/eng\/wp-json\/wp\/v2\/comments?post=72"}],"version-history":[{"count":17,"href":"https:\/\/lonitseera.ee\/eng\/wp-json\/wp\/v2\/pages\/72\/revisions"}],"predecessor-version":[{"id":537,"href":"https:\/\/lonitseera.ee\/eng\/wp-json\/wp\/v2\/pages\/72\/revisions\/537"}],"wp:attachment":[{"href":"https:\/\/lonitseera.ee\/eng\/wp-json\/wp\/v2\/media?parent=72"}],"curies":[{"name":"wp","href":"https:\/\/api.w.org\/{rel}","templated":true}]}}