{"id":1613,"date":"2023-10-18T09:47:47","date_gmt":"2023-10-18T09:47:47","guid":{"rendered":"https:\/\/lonitseera.ee\/?post_type=product&#038;p=1613"},"modified":"2023-11-01T17:21:51","modified_gmt":"2023-11-01T17:21:51","slug":"noot-anatoomiliselt-korrektne-pdf","status":"publish","type":"product","link":"https:\/\/lonitseera.ee\/eng\/product\/noot-anatoomiliselt-korrektne-pdf\/","title":{"rendered":"Note \u201cAnatoomiliselt korrektne\u201d (PDF)"},"content":{"rendered":"<p>The sheet music contains the main melody of the song with lyrics and chord marks. Original key, violin key. The song is from the album \"Tapeet\" (\"Wallpaper\") (2022). Author: Kaisa Kuslapuu.<\/p>","protected":false},"excerpt":{"rendered":"<p>The sheet music contains the main melody of the song with lyrics and chord marks. Original key, violin key. The song is from the album \"Tapeet\" (\"Wallpaper\") (2022). Author: Kaisa Kuslapuu.<\/p>","protected":false},"featured_media":1789,"template":"","meta":[],"product_brand":[],"product_cat":[15],"product_tag":[],"class_list":{"0":"post-1613","1":"product","2":"type-product","3":"status-publish","4":"has-post-thumbnail","6":"product_cat-noodid","8":"first","9":"instock","10":"downloadable","11":"virtual","12":"purchasable","13":"product-type-simple"},"yoast_head":"<!-- This site is optimized with the Yoast SEO plugin v27.3 - https:\/\/yoast.com\/product\/yoast-seo-wordpress\/ -->\n<title>Noot &quot;Anatoomiliselt korrektne&quot; (PDF) | Lonitseera<\/title>\n<meta name=\"robots\" content=\"index, follow, max-snippet:-1, max-image-preview:large, max-video-preview:-1\" \/>\n<link rel=\"canonical\" href=\"https:\/\/lonitseera.ee\/eng\/product\/noot-anatoomiliselt-korrektne-pdf\/\" \/>\n<meta property=\"og:locale\" content=\"en_GB\" \/>\n<meta property=\"og:type\" content=\"article\" \/>\n<meta property=\"og:title\" content=\"Noot &quot;Anatoomiliselt korrektne&quot; (PDF) | Lonitseera\" \/>\n<meta property=\"og:description\" content=\"Noodist leiab laulu p\u00f5himeloodia koos s\u00f5nade ja akordim\u00e4rkidega. Originaalhelistik, viiuliv\u00f5ti. Laul p\u00e4rineb albumilt &#8220;Tapeet&#8221; (2022). Autor: Kaisa Kuslapuu.\" \/>\n<meta property=\"og:url\" content=\"https:\/\/lonitseera.ee\/eng\/product\/noot-anatoomiliselt-korrektne-pdf\/\" \/>\n<meta property=\"og:site_name\" content=\"Lonitseera\" \/>\n<meta property=\"article:publisher\" content=\"https:\/\/www.facebook.com\/lonitseera\" \/>\n<meta property=\"article:modified_time\" content=\"2023-11-01T17:21:51+00:00\" \/>\n<meta property=\"og:image\" content=\"https:\/\/lonitseera.ee\/wp-content\/uploads\/2023\/10\/noodimadu_rohekas_1.png\" \/>\n\t<meta property=\"og:image:width\" content=\"1000\" \/>\n\t<meta property=\"og:image:height\" content=\"1000\" \/>\n\t<meta property=\"og:image:type\" content=\"image\/png\" \/>\n<meta name=\"twitter:card\" content=\"summary_large_image\" \/>\n<script type=\"application\/ld+json\" class=\"yoast-schema-graph\">{\"@context\":\"https:\\\/\\\/schema.org\",\"@graph\":[{\"@type\":\"WebPage\",\"@id\":\"https:\\\/\\\/lonitseera.ee\\\/toode\\\/noot-anatoomiliselt-korrektne-pdf\\\/\",\"url\":\"https:\\\/\\\/lonitseera.ee\\\/toode\\\/noot-anatoomiliselt-korrektne-pdf\\\/\",\"name\":\"Noot \\\"Anatoomiliselt korrektne\\\" (PDF) | Lonitseera\",\"isPartOf\":{\"@id\":\"https:\\\/\\\/lonitseera.ee\\\/#website\"},\"primaryImageOfPage\":{\"@id\":\"https:\\\/\\\/lonitseera.ee\\\/toode\\\/noot-anatoomiliselt-korrektne-pdf\\\/#primaryimage\"},\"image\":{\"@id\":\"https:\\\/\\\/lonitseera.ee\\\/toode\\\/noot-anatoomiliselt-korrektne-pdf\\\/#primaryimage\"},\"thumbnailUrl\":\"https:\\\/\\\/lonitseera.ee\\\/wp-content\\\/uploads\\\/2023\\\/10\\\/noodimadu_rohekas_1.png\",\"datePublished\":\"2023-10-18T09:47:47+00:00\",\"dateModified\":\"2023-11-01T17:21:51+00:00\",\"breadcrumb\":{\"@id\":\"https:\\\/\\\/lonitseera.ee\\\/toode\\\/noot-anatoomiliselt-korrektne-pdf\\\/#breadcrumb\"},\"inLanguage\":\"en-GB\",\"potentialAction\":[{\"@type\":\"ReadAction\",\"target\":[\"https:\\\/\\\/lonitseera.ee\\\/toode\\\/noot-anatoomiliselt-korrektne-pdf\\\/\"]}]},{\"@type\":\"ImageObject\",\"inLanguage\":\"en-GB\",\"@id\":\"https:\\\/\\\/lonitseera.ee\\\/toode\\\/noot-anatoomiliselt-korrektne-pdf\\\/#primaryimage\",\"url\":\"https:\\\/\\\/lonitseera.ee\\\/wp-content\\\/uploads\\\/2023\\\/10\\\/noodimadu_rohekas_1.png\",\"contentUrl\":\"https:\\\/\\\/lonitseera.ee\\\/wp-content\\\/uploads\\\/2023\\\/10\\\/noodimadu_rohekas_1.png\",\"width\":1000,\"height\":1000},{\"@type\":\"BreadcrumbList\",\"@id\":\"https:\\\/\\\/lonitseera.ee\\\/toode\\\/noot-anatoomiliselt-korrektne-pdf\\\/#breadcrumb\",\"itemListElement\":[{\"@type\":\"ListItem\",\"position\":1,\"name\":\"Home\",\"item\":\"https:\\\/\\\/lonitseera.ee\\\/\"},{\"@type\":\"ListItem\",\"position\":2,\"name\":\"E-pood\",\"item\":\"https:\\\/\\\/lonitseera.ee\\\/e-pood\\\/\"},{\"@type\":\"ListItem\",\"position\":3,\"name\":\"Noot &#8220;Anatoomiliselt korrektne&#8221; (PDF)\"}]},{\"@type\":\"WebSite\",\"@id\":\"https:\\\/\\\/lonitseera.ee\\\/#website\",\"url\":\"https:\\\/\\\/lonitseera.ee\\\/\",\"name\":\"Lonitseera\",\"description\":\"\",\"publisher\":{\"@id\":\"https:\\\/\\\/lonitseera.ee\\\/#organization\"},\"potentialAction\":[{\"@type\":\"SearchAction\",\"target\":{\"@type\":\"EntryPoint\",\"urlTemplate\":\"https:\\\/\\\/lonitseera.ee\\\/?s={search_term_string}\"},\"query-input\":{\"@type\":\"PropertyValueSpecification\",\"valueRequired\":true,\"valueName\":\"search_term_string\"}}],\"inLanguage\":\"en-GB\"},{\"@type\":\"Organization\",\"@id\":\"https:\\\/\\\/lonitseera.ee\\\/#organization\",\"name\":\"Lonitseera\",\"url\":\"https:\\\/\\\/lonitseera.ee\\\/\",\"logo\":{\"@type\":\"ImageObject\",\"inLanguage\":\"en-GB\",\"@id\":\"https:\\\/\\\/lonitseera.ee\\\/#\\\/schema\\\/logo\\\/image\\\/\",\"url\":\"https:\\\/\\\/lonitseera.ee\\\/wp-content\\\/uploads\\\/2023\\\/09\\\/vaiksem-valge-taust.png\",\"contentUrl\":\"https:\\\/\\\/lonitseera.ee\\\/wp-content\\\/uploads\\\/2023\\\/09\\\/vaiksem-valge-taust.png\",\"width\":811,\"height\":633,\"caption\":\"Lonitseera\"},\"image\":{\"@id\":\"https:\\\/\\\/lonitseera.ee\\\/#\\\/schema\\\/logo\\\/image\\\/\"},\"sameAs\":[\"https:\\\/\\\/www.facebook.com\\\/lonitseera\"]}]}<\/script>\n<!-- \/ Yoast SEO plugin. -->","yoast_head_json":{"title":"Noot \"Anatoomiliselt korrektne\" (PDF) | Lonitseera","robots":{"index":"index","follow":"follow","max-snippet":"max-snippet:-1","max-image-preview":"max-image-preview:large","max-video-preview":"max-video-preview:-1"},"canonical":"https:\/\/lonitseera.ee\/eng\/product\/noot-anatoomiliselt-korrektne-pdf\/","og_locale":"en_GB","og_type":"article","og_title":"Noot \"Anatoomiliselt korrektne\" (PDF) | Lonitseera","og_description":"Noodist leiab laulu p\u00f5himeloodia koos s\u00f5nade ja akordim\u00e4rkidega. Originaalhelistik, viiuliv\u00f5ti. Laul p\u00e4rineb albumilt &#8220;Tapeet&#8221; (2022). Autor: Kaisa Kuslapuu.","og_url":"https:\/\/lonitseera.ee\/eng\/product\/noot-anatoomiliselt-korrektne-pdf\/","og_site_name":"Lonitseera","article_publisher":"https:\/\/www.facebook.com\/lonitseera","article_modified_time":"2023-11-01T17:21:51+00:00","og_image":[{"width":1000,"height":1000,"url":"https:\/\/lonitseera.ee\/wp-content\/uploads\/2023\/10\/noodimadu_rohekas_1.png","type":"image\/png"}],"twitter_card":"summary_large_image","schema":{"@context":"https:\/\/schema.org","@graph":[{"@type":"WebPage","@id":"https:\/\/lonitseera.ee\/toode\/noot-anatoomiliselt-korrektne-pdf\/","url":"https:\/\/lonitseera.ee\/toode\/noot-anatoomiliselt-korrektne-pdf\/","name":"Noot \"Anatoomiliselt korrektne\" (PDF) | Lonitseera","isPartOf":{"@id":"https:\/\/lonitseera.ee\/#website"},"primaryImageOfPage":{"@id":"https:\/\/lonitseera.ee\/toode\/noot-anatoomiliselt-korrektne-pdf\/#primaryimage"},"image":{"@id":"https:\/\/lonitseera.ee\/toode\/noot-anatoomiliselt-korrektne-pdf\/#primaryimage"},"thumbnailUrl":"https:\/\/lonitseera.ee\/wp-content\/uploads\/2023\/10\/noodimadu_rohekas_1.png","datePublished":"2023-10-18T09:47:47+00:00","dateModified":"2023-11-01T17:21:51+00:00","breadcrumb":{"@id":"https:\/\/lonitseera.ee\/toode\/noot-anatoomiliselt-korrektne-pdf\/#breadcrumb"},"inLanguage":"en-GB","potentialAction":[{"@type":"ReadAction","target":["https:\/\/lonitseera.ee\/toode\/noot-anatoomiliselt-korrektne-pdf\/"]}]},{"@type":"ImageObject","inLanguage":"en-GB","@id":"https:\/\/lonitseera.ee\/toode\/noot-anatoomiliselt-korrektne-pdf\/#primaryimage","url":"https:\/\/lonitseera.ee\/wp-content\/uploads\/2023\/10\/noodimadu_rohekas_1.png","contentUrl":"https:\/\/lonitseera.ee\/wp-content\/uploads\/2023\/10\/noodimadu_rohekas_1.png","width":1000,"height":1000},{"@type":"BreadcrumbList","@id":"https:\/\/lonitseera.ee\/toode\/noot-anatoomiliselt-korrektne-pdf\/#breadcrumb","itemListElement":[{"@type":"ListItem","position":1,"name":"Home","item":"https:\/\/lonitseera.ee\/"},{"@type":"ListItem","position":2,"name":"E-pood","item":"https:\/\/lonitseera.ee\/e-pood\/"},{"@type":"ListItem","position":3,"name":"Noot &#8220;Anatoomiliselt korrektne&#8221; (PDF)"}]},{"@type":"WebSite","@id":"https:\/\/lonitseera.ee\/#website","url":"https:\/\/lonitseera.ee\/","name":"Lonitseera","description":"","publisher":{"@id":"https:\/\/lonitseera.ee\/#organization"},"potentialAction":[{"@type":"SearchAction","target":{"@type":"EntryPoint","urlTemplate":"https:\/\/lonitseera.ee\/?s={search_term_string}"},"query-input":{"@type":"PropertyValueSpecification","valueRequired":true,"valueName":"search_term_string"}}],"inLanguage":"en-GB"},{"@type":"Organization","@id":"https:\/\/lonitseera.ee\/#organization","name":"Lonitseera","url":"https:\/\/lonitseera.ee\/","logo":{"@type":"ImageObject","inLanguage":"en-GB","@id":"https:\/\/lonitseera.ee\/#\/schema\/logo\/image\/","url":"https:\/\/lonitseera.ee\/wp-content\/uploads\/2023\/09\/vaiksem-valge-taust.png","contentUrl":"https:\/\/lonitseera.ee\/wp-content\/uploads\/2023\/09\/vaiksem-valge-taust.png","width":811,"height":633,"caption":"Lonitseera"},"image":{"@id":"https:\/\/lonitseera.ee\/#\/schema\/logo\/image\/"},"sameAs":["https:\/\/www.facebook.com\/lonitseera"]}]}},"_links":{"self":[{"href":"https:\/\/lonitseera.ee\/eng\/wp-json\/wp\/v2\/product\/1613","targetHints":{"allow":["GET"]}}],"collection":[{"href":"https:\/\/lonitseera.ee\/eng\/wp-json\/wp\/v2\/product"}],"about":[{"href":"https:\/\/lonitseera.ee\/eng\/wp-json\/wp\/v2\/types\/product"}],"wp:featuredmedia":[{"embeddable":true,"href":"https:\/\/lonitseera.ee\/eng\/wp-json\/wp\/v2\/media\/1789"}],"wp:attachment":[{"href":"https:\/\/lonitseera.ee\/eng\/wp-json\/wp\/v2\/media?parent=1613"}],"wp:term":[{"taxonomy":"product_brand","embeddable":true,"href":"https:\/\/lonitseera.ee\/eng\/wp-json\/wp\/v2\/product_brand?post=1613"},{"taxonomy":"product_cat","embeddable":true,"href":"https:\/\/lonitseera.ee\/eng\/wp-json\/wp\/v2\/product_cat?post=1613"},{"taxonomy":"product_tag","embeddable":true,"href":"https:\/\/lonitseera.ee\/eng\/wp-json\/wp\/v2\/product_tag?post=1613"}],"curies":[{"name":"wp","href":"https:\/\/api.w.org\/{rel}","templated":true}]}}